{"id":487,"date":"2025-04-23T14:18:56","date_gmt":"2025-04-23T14:18:56","guid":{"rendered":"https:\/\/vargerpharma.com\/?page_id=487"},"modified":"2025-07-10T07:00:09","modified_gmt":"2025-07-10T07:00:09","slug":"joint-health","status":"publish","type":"page","link":"https:\/\/vargerpharma.com\/de\/joint-health\/","title":{"rendered":"Gesundheit der Gelenke"},"content":{"rendered":"<div data-elementor-type=\"wp-page\" data-elementor-id=\"487\" class=\"elementor elementor-487\" data-elementor-post-type=\"page\">\n\t\t\t\t<div class=\"elementor-element elementor-element-491c342 e-con-full e-flex e-con e-parent\" data-id=\"491c342\" data-element_type=\"container\">\n\t\t<div class=\"elementor-element elementor-element-2f66d62 e-con-full e-flex e-con e-child\" data-id=\"2f66d62\" data-element_type=\"container\" data-settings=\"{&quot;background_background&quot;:&quot;classic&quot;}\">\n\t\t<div class=\"elementor-element elementor-element-17f974e e-con-full e-flex e-con e-child\" data-id=\"17f974e\" data-element_type=\"container\">\n\t\t<div class=\"elementor-element elementor-element-45cfbaf e-con-full e-flex e-con e-child\" data-id=\"45cfbaf\" data-element_type=\"container\">\n\t\t<div class=\"elementor-element elementor-element-d5e4350 e-con-full e-flex e-con e-child\" data-id=\"d5e4350\" data-element_type=\"container\">\n\t\t<div class=\"elementor-element elementor-element-a8eba27 e-con-full e-flex e-con e-child\" data-id=\"a8eba27\" data-element_type=\"container\">\n\t\t\t\t<div class=\"elementor-element elementor-element-16915ed elementor-widget elementor-widget-heading\" data-id=\"16915ed\" data-element_type=\"widget\" data-widget_type=\"heading.default\">\n\t\t\t\t<div class=\"elementor-widget-container\">\n\t\t\t\t\t<h1 class=\"elementor-heading-title elementor-size-default\">Gelenkgesundheit<\/h1>\t\t\t\t<\/div>\n\t\t\t\t<\/div>\n\t\t<div class=\"elementor-element elementor-element-054e3d7 e-con-full animated-fast e-flex elementor-invisible e-con e-child\" data-id=\"054e3d7\" data-element_type=\"container\" data-settings=\"{&quot;animation&quot;:&quot;zoomIn&quot;}\">\n\t\t\t\t<div class=\"elementor-element elementor-element-e34417e elementor-widget__width-inherit elementor-widget elementor-widget-image\" data-id=\"e34417e\" data-element_type=\"widget\" data-widget_type=\"image.default\">\n\t\t\t\t<div class=\"elementor-widget-container\">\n\t\t\t\t\t\t\t\t\t\t\t\t\t\t\t<img decoding=\"async\" width=\"59\" height=\"56\" src=\"https:\/\/vargerpharma.com\/wp-content\/uploads\/2025\/04\/Asset-5.svg\" class=\"attachment-full size-full wp-image-51\" alt=\"\" sizes=\"100vw\" \/>\t\t\t\t\t\t\t\t\t\t\t\t\t\t\t<\/div>\n\t\t\t\t<\/div>\n\t\t\t\t<\/div>\n\t\t\t\t<\/div>\n\t\t<div class=\"elementor-element elementor-element-ba5852b e-con-full e-flex e-con e-child\" data-id=\"ba5852b\" data-element_type=\"container\">\n\t\t<div class=\"elementor-element elementor-element-f64feb5 e-con-full e-flex e-con e-child\" data-id=\"f64feb5\" data-element_type=\"container\">\n\t\t\t\t<div class=\"elementor-element elementor-element-c0fadf1 elementor-widget elementor-widget-heading\" data-id=\"c0fadf1\" data-element_type=\"widget\" data-widget_type=\"heading.default\">\n\t\t\t\t<div class=\"elementor-widget-container\">\n\t\t\t\t\t<h4 class=\"elementor-heading-title elementor-size-default\">Von allt\u00e4glichen Bewegungen bis hin zur lebenslangen Mobilit\u00e4t \u2013 entdecke gezielte Unterst\u00fctzung f\u00fcr Komfort, St\u00e4rke und Flexibilit\u00e4t in jedem Alter.<\/h4>\t\t\t\t<\/div>\n\t\t\t\t<\/div>\n\t\t\t\t<\/div>\n\t\t\t\t<\/div>\n\t\t<div class=\"elementor-element elementor-element-dc5f3dd e-con-full e-flex e-con e-child\" data-id=\"dc5f3dd\" data-element_type=\"container\">\n\t\t<div class=\"elementor-element elementor-element-b02a735 e-con-full e-flex e-con e-child\" data-id=\"b02a735\" data-element_type=\"container\">\n\t\t\t\t<div class=\"elementor-element elementor-element-df1b5d6 elementor-widget elementor-widget-button\" data-id=\"df1b5d6\" data-element_type=\"widget\" data-widget_type=\"button.default\">\n\t\t\t\t<div class=\"elementor-widget-container\">\n\t\t\t\t\t\t\t\t\t<div class=\"elementor-button-wrapper\">\n\t\t\t\t\t<a class=\"elementor-button elementor-size-sm elementor-animation-grow\" role=\"button\">\n\t\t\t\t\t\t<span class=\"elementor-button-content-wrapper\">\n\t\t\t\t\t\t\t\t\t<span class=\"elementor-button-text\">Wo F\u00fcrsorge auf Innovation trifft!<\/span>\n\t\t\t\t\t<\/span>\n\t\t\t\t\t<\/a>\n\t\t\t\t<\/div>\n\t\t\t\t\t\t\t\t<\/div>\n\t\t\t\t<\/div>\n\t\t\t\t<\/div>\n\t\t\t\t<\/div>\n\t\t\t\t<\/div>\n\t\t\t\t<\/div>\n\t\t\t\t<\/div>\n\t\t\t\t<\/div>\n\t\t<div class=\"elementor-element elementor-element-661dec1 e-con-full e-flex e-con e-child\" data-id=\"661dec1\" data-element_type=\"container\" data-settings=\"{&quot;background_background&quot;:&quot;classic&quot;}\">\n\t\t\t\t<\/div>\n\t\t\t\t<\/div>\n\t\t<div class=\"elementor-element elementor-element-8daf1f8 e-con-full e-flex e-con e-parent\" data-id=\"8daf1f8\" data-element_type=\"container\">\n\t\t<div class=\"elementor-element elementor-element-032cb25 e-con-full e-flex e-con e-child\" data-id=\"032cb25\" data-element_type=\"container\">\n\t\t\t\t<div class=\"elementor-element elementor-element-2672c35 elementor-widget elementor-widget-image\" data-id=\"2672c35\" data-element_type=\"widget\" data-widget_type=\"image.default\">\n\t\t\t\t<div class=\"elementor-widget-container\">\n\t\t\t\t\t\t\t\t\t\t\t\t\t\t\t\t<a href=\"https:\/\/vargerpharma.com\/de\/flexibene\/\">\n\t\t\t\t\t\t\t<img fetchpriority=\"high\" decoding=\"async\" width=\"1920\" height=\"1080\" src=\"https:\/\/vargerpharma.com\/wp-content\/uploads\/2025\/07\/Untitled-design-35.png\" class=\"attachment-full size-full wp-image-1537\" alt=\"\" srcset=\"https:\/\/vargerpharma.com\/wp-content\/uploads\/2025\/07\/Untitled-design-35.png 1920w, https:\/\/vargerpharma.com\/wp-content\/uploads\/2025\/07\/Untitled-design-35-300x169.png 300w, https:\/\/vargerpharma.com\/wp-content\/uploads\/2025\/07\/Untitled-design-35-1024x576.png 1024w, https:\/\/vargerpharma.com\/wp-content\/uploads\/2025\/07\/Untitled-design-35-1536x864.png 1536w, https:\/\/vargerpharma.com\/wp-content\/uploads\/2025\/07\/Untitled-design-35-18x10.png 18w\" sizes=\"100vw\" \/>\t\t\t\t\t\t\t\t<\/a>\n\t\t\t\t\t\t\t\t\t\t\t\t\t\t\t<\/div>\n\t\t\t\t<\/div>\n\t\t\t\t<\/div>\n\t\t<div class=\"elementor-element elementor-element-17e9b06 e-con-full e-flex e-con e-child\" data-id=\"17e9b06\" data-element_type=\"container\">\n\t\t\t\t<div class=\"elementor-element elementor-element-501898c elementor-widget elementor-widget-heading\" data-id=\"501898c\" data-element_type=\"widget\" data-widget_type=\"heading.default\">\n\t\t\t\t<div class=\"elementor-widget-container\">\n\t\t\t\t\t<h1 class=\"elementor-heading-title elementor-size-default\">FlexiBene<\/h1>\t\t\t\t<\/div>\n\t\t\t\t<\/div>\n\t\t\t\t<div class=\"elementor-element elementor-element-48096a1 elementor-widget elementor-widget-heading\" data-id=\"48096a1\" data-element_type=\"widget\" data-widget_type=\"heading.default\">\n\t\t\t\t<div class=\"elementor-widget-container\">\n\t\t\t\t\t<h3 class=\"elementor-heading-title elementor-size-default\">FlexiBene ist ein Komplex zur Linderung von Gelenkschmerzen und Steifheit bei Menschen, die an Arthritis leiden. Die chondroprotektive Wirkung von Glucosaminsulfat (GS), Chondroitinsulfat (CS) und nicht denaturiertem Typ-II-Kollagen (UC-II\u00ae) beruht auf unterschiedlichen molekularen Mechanismen. Daher erg\u00e4nzen sich bei der kombinierten oralen Einnahme von CS, GS und UC-II\u00ae die unterschiedlichen Wirkmechanismen der einzelnen Komponenten, was die Wirksamkeit bei Schmerzen und Mobilit\u00e4t erh\u00f6ht.\n\n<\/h3>\t\t\t\t<\/div>\n\t\t\t\t<\/div>\n\t\t\t\t<div class=\"elementor-element elementor-element-2ec7306 elementor-widget elementor-widget-button\" data-id=\"2ec7306\" data-element_type=\"widget\" data-widget_type=\"button.default\">\n\t\t\t\t<div class=\"elementor-widget-container\">\n\t\t\t\t\t\t\t\t\t<div class=\"elementor-button-wrapper\">\n\t\t\t\t\t<a class=\"elementor-button elementor-button-link elementor-size-sm elementor-animation-grow\" href=\"https:\/\/vargerpharma.com\/de\/flexibene\/\">\n\t\t\t\t\t\t<span class=\"elementor-button-content-wrapper\">\n\t\t\t\t\t\t\t\t\t<span class=\"elementor-button-text\">Hier klicken<\/span>\n\t\t\t\t\t<\/span>\n\t\t\t\t\t<\/a>\n\t\t\t\t<\/div>\n\t\t\t\t\t\t\t\t<\/div>\n\t\t\t\t<\/div>\n\t\t\t\t<\/div>\n\t\t\t\t<\/div>\n\t\t\t\t<\/div>","protected":false},"excerpt":{"rendered":"<p>Joint Health From everyday motion to lifelong mobility, discover targeted support for comfort, strength, and flexibility at every age. Care meets Inovation! FlexiBene FlexiBene is a complex to help relieve joint pain and stiffness in people suffering from arthritis. The chondroprotective effects of glucosamine sulfate (GS), chondroitin sulfate (CS) and undenatured type II collagen (UC-II\u00ae) &hellip; <\/p>\n<p class=\"link-more\"><a href=\"https:\/\/vargerpharma.com\/de\/joint-health\/\" class=\"more-link\">Mehr <span class=\"screen-reader-text\">\u00fcber &#8220;Joint Health&#8221; <\/span>Lesen<\/a><\/p>","protected":false},"author":1,"featured_media":0,"parent":0,"menu_order":0,"comment_status":"open","ping_status":"closed","template":"elementor_canvas","meta":{"footnotes":""},"class_list":["post-487","page","type-page","status-publish","hentry"],"_links":{"self":[{"href":"https:\/\/vargerpharma.com\/de\/wp-json\/wp\/v2\/pages\/487","targetHints":{"allow":["GET"]}}],"collection":[{"href":"https:\/\/vargerpharma.com\/de\/wp-json\/wp\/v2\/pages"}],"about":[{"href":"https:\/\/vargerpharma.com\/de\/wp-json\/wp\/v2\/types\/page"}],"author":[{"embeddable":true,"href":"https:\/\/vargerpharma.com\/de\/wp-json\/wp\/v2\/users\/1"}],"replies":[{"embeddable":true,"href":"https:\/\/vargerpharma.com\/de\/wp-json\/wp\/v2\/comments?post=487"}],"version-history":[{"count":152,"href":"https:\/\/vargerpharma.com\/de\/wp-json\/wp\/v2\/pages\/487\/revisions"}],"predecessor-version":[{"id":1905,"href":"https:\/\/vargerpharma.com\/de\/wp-json\/wp\/v2\/pages\/487\/revisions\/1905"}],"wp:attachment":[{"href":"https:\/\/vargerpharma.com\/de\/wp-json\/wp\/v2\/media?parent=487"}],"curies":[{"name":"wp","href":"https:\/\/api.w.org\/{rel}","templated":true}]}}